{"id":3486,"date":"2020-05-13T12:10:27","date_gmt":"2020-05-13T10:10:27","guid":{"rendered":"https:\/\/ninetheme.com\/themes\/wavo\/?page_id=3486"},"modified":"2024-06-07T18:35:52","modified_gmt":"2024-06-07T16:35:52","slug":"contactez-nous","status":"publish","type":"page","link":"https:\/\/swisscapital-ib.com\/en\/contactez-nous\/","title":{"rendered":"CONTACT US"},"content":{"rendered":"<div data-elementor-type=\"wp-page\" data-elementor-id=\"3486\" class=\"elementor elementor-3486\">\n\t\t\t\t\t\t<section class=\"wavo-column-gap-no elementor-section elementor-top-section elementor-element elementor-element-2373554b elementor-section-stretched wavo-parallax jarallax parallax-yes elementor-section-height-min-height elementor-section-full_width elementor-section-height-default elementor-section-items-middle\" data-wavo-parallax=\"{&quot;type&quot;:&quot;scroll&quot;,&quot;speed&quot;:&quot;0.4&quot;,&quot;imgsize&quot;:&quot;cover&quot;,&quot;imgsrc&quot;:&quot;https:\/\/swisscapital-ib.com\/wp-content\/uploads\/2022\/04\/Bandeau_Contactez_nous_2560.jpeg&quot;,&quot;mobile&quot;:&quot;&quot;}\" data-id=\"2373554b\" data-element_type=\"section\" data-e-type=\"section\" data-settings=\"{&quot;stretch_section&quot;:&quot;section-stretched&quot;,&quot;background_background&quot;:&quot;classic&quot;}\">\n\t\t\t\t\t\t\t<div class=\"elementor-background-overlay\"><\/div>\n\t\t\t\t\t\t\t<div class=\"elementor-container elementor-column-gap-no\">\n\t\t\t\t\t<div class=\"elementor-column elementor-col-100 elementor-top-column elementor-element elementor-element-627dd75d\" data-id=\"627dd75d\" data-element_type=\"column\" data-e-type=\"column\">\n\t\t\t<div class=\"elementor-widget-wrap elementor-element-populated\">\n\t\t\t\t\t\t<div class=\"elementor-element elementor-element-642b316 elementor-widget elementor-widget-spacer\" data-id=\"642b316\" data-element_type=\"widget\" data-e-type=\"widget\" data-widget_type=\"spacer.default\">\n\t\t\t\t<div class=\"elementor-widget-container\">\n\t\t\t\t\t\t\t<div class=\"elementor-spacer\">\n\t\t\t<div class=\"elementor-spacer-inner\"><\/div>\n\t\t<\/div>\n\t\t\t\t\t\t<\/div>\n\t\t\t\t<\/div>\n\t\t\t\t<div class=\"elementor-element elementor-element-3631c8a wavo-stroke wavo-has-stroke-yes wavo-has-stroke-type stroke-type-part wavo-transform transform-type-translate elementor-invisible elementor-widget elementor-widget-heading\" data-id=\"3631c8a\" data-element_type=\"widget\" data-e-type=\"widget\" data-settings=\"{&quot;_animation&quot;:&quot;fadeIn&quot;,&quot;_animation_delay&quot;:900}\" data-widget_type=\"heading.default\">\n\t\t\t\t<div class=\"elementor-widget-container\">\n\t\t\t\t\t<h1 class=\"elementor-heading-title elementor-size-default\">CONTACT US<\/h1>\t\t\t\t<\/div>\n\t\t\t\t<\/div>\n\t\t\t\t<div class=\"elementor-element elementor-element-6c08f19 elementor-position-inline-start elementor-absolute elementor-hidden-desktop elementor-hidden-tablet elementor-hidden-mobile elementor-view-default elementor-mobile-position-block-start elementor-widget elementor-widget-icon-box\" data-id=\"6c08f19\" data-element_type=\"widget\" data-e-type=\"widget\" data-settings=\"{&quot;_position&quot;:&quot;absolute&quot;}\" data-widget_type=\"icon-box.default\">\n\t\t\t\t<div class=\"elementor-widget-container\">\n\t\t\t\t\t\t\t<div class=\"elementor-icon-box-wrapper\">\n\n\t\t\t\t\t\t<div class=\"elementor-icon-box-icon\">\n\t\t\t\t<span  class=\"elementor-icon\">\n\t\t\t\t<i aria-hidden=\"true\" class=\"fas fa-phone-alt\"><\/i>\t\t\t\t<\/span>\n\t\t\t<\/div>\n\t\t\t\n\t\t\t\t\t\t<div class=\"elementor-icon-box-content\">\n\n\t\t\t\t\t\t\t\t\t<h3 class=\"elementor-icon-box-title\">\n\t\t\t\t\t\t<span  >\n\t\t\t\t\t\t\t+41 (0)22 512 10 24\t\t\t\t\t\t<\/span>\n\t\t\t\t\t<\/h3>\n\t\t\t\t\n\t\t\t\t\n\t\t\t<\/div>\n\t\t\t\n\t\t<\/div>\n\t\t\t\t\t\t<\/div>\n\t\t\t\t<\/div>\n\t\t\t\t\t<\/div>\n\t\t<\/div>\n\t\t\t\t\t<\/div>\n\t\t<\/section>\n\t\t\t\t<section class=\"wavo-column-gap-default elementor-section elementor-top-section elementor-element elementor-element-748896f elementor-section-boxed elementor-section-height-default elementor-section-height-default\" data-id=\"748896f\" data-element_type=\"section\" data-e-type=\"section\" data-settings=\"{&quot;background_background&quot;:&quot;classic&quot;}\">\n\t\t\t\t\t\t<div class=\"elementor-container elementor-column-gap-default\">\n\t\t\t\t\t<div class=\"elementor-column elementor-col-100 elementor-top-column elementor-element elementor-element-0fd31e0\" data-id=\"0fd31e0\" data-element_type=\"column\" data-e-type=\"column\">\n\t\t\t<div class=\"elementor-widget-wrap elementor-element-populated\">\n\t\t\t\t\t\t<section class=\"wavo-column-gap-wider elementor-section elementor-inner-section elementor-element elementor-element-a49caa5 elementor-section-content-top elementor-section-boxed elementor-section-height-default elementor-section-height-default\" data-id=\"a49caa5\" data-element_type=\"section\" data-e-type=\"section\" data-settings=\"{&quot;background_background&quot;:&quot;classic&quot;}\">\n\t\t\t\t\t\t<div class=\"elementor-container elementor-column-gap-wider\">\n\t\t\t\t\t<div class=\"elementor-column elementor-col-50 elementor-inner-column elementor-element elementor-element-1c32ba7\" data-id=\"1c32ba7\" data-element_type=\"column\" data-e-type=\"column\">\n\t\t\t<div class=\"elementor-widget-wrap elementor-element-populated\">\n\t\t\t\t\t\t<div class=\"elementor-element elementor-element-2682db2 wavo-transform transform-type-translate elementor-widget elementor-widget-heading\" data-id=\"2682db2\" data-element_type=\"widget\" data-e-type=\"widget\" data-widget_type=\"heading.default\">\n\t\t\t\t<div class=\"elementor-widget-container\">\n\t\t\t\t\t<h3 class=\"elementor-heading-title elementor-size-default\">For more information, please do not hesitate to contact us.<\/h3>\t\t\t\t<\/div>\n\t\t\t\t<\/div>\n\t\t\t\t<div class=\"elementor-element elementor-element-8d9d273 animated-slow elementor-invisible elementor-widget elementor-widget-text-editor\" data-id=\"8d9d273\" data-element_type=\"widget\" data-e-type=\"widget\" data-settings=\"{&quot;_animation&quot;:&quot;fadeIn&quot;,&quot;_animation_delay&quot;:700}\" data-widget_type=\"text-editor.default\">\n\t\t\t\t<div class=\"elementor-widget-container\">\n\t\t\t\t\t\t\t\t\t<div class=\"item\"><h6>TELEPHONE :<\/h6><p>+41 (0)22 512 10 24<\/p><\/div><div class=\"item\"><h6>\u00a0<\/h6><h6>ADDRESS :<\/h6><p>Place de l\u2019Universit\u00e9 6<br \/>CH \u2013 1205 Geneva<\/p><\/div><div class=\"item\"><h6>\u00a0<\/h6><h6>EMAIL :<\/h6><p><a href=\"mailto:info@swisscapital-ib.com\">info@swisscapital-ib.com<\/a><\/p><\/div><div class=\"item\"><h5>\u00a0<\/h5><\/div>\t\t\t\t\t\t\t\t<\/div>\n\t\t\t\t<\/div>\n\t\t\t\t<div class=\"elementor-element elementor-element-f1bd7aa elementor-shape-circle e-grid-align-left animated-slow elementor-grid-0 elementor-invisible elementor-widget elementor-widget-social-icons\" data-id=\"f1bd7aa\" data-element_type=\"widget\" data-e-type=\"widget\" data-settings=\"{&quot;_animation&quot;:&quot;fadeIn&quot;,&quot;_animation_delay&quot;:800}\" data-widget_type=\"social-icons.default\">\n\t\t\t\t<div class=\"elementor-widget-container\">\n\t\t\t\t\t\t\t<div class=\"elementor-social-icons-wrapper elementor-grid\">\n\t\t\t\t\t\t\t<span class=\"elementor-grid-item\">\n\t\t\t\t\t<a class=\"elementor-icon elementor-social-icon elementor-social-icon-linkedin-in elementor-repeater-item-8968c97\" href=\"https:\/\/www.linkedin.com\/company\/swiss-capital-ib-sa\/\" target=\"_blank\">\n\t\t\t\t\t\t<span class=\"elementor-screen-only\">Linkedin-in<\/span>\n\t\t\t\t\t\t<i aria-hidden=\"true\" class=\"fab fa-linkedin-in\"><\/i>\t\t\t\t\t<\/a>\n\t\t\t\t<\/span>\n\t\t\t\t\t<\/div>\n\t\t\t\t\t\t<\/div>\n\t\t\t\t<\/div>\n\t\t\t\t\t<\/div>\n\t\t<\/div>\n\t\t\t\t<div class=\"elementor-column elementor-col-50 elementor-inner-column elementor-element elementor-element-812f031\" data-id=\"812f031\" data-element_type=\"column\" data-e-type=\"column\">\n\t\t\t<div class=\"elementor-widget-wrap elementor-element-populated\">\n\t\t\t\t\t\t<div class=\"elementor-element elementor-element-3a7c1b2 elementor-widget elementor-widget-wavo-contact-form-7\" data-id=\"3a7c1b2\" data-element_type=\"widget\" data-e-type=\"widget\" data-widget_type=\"wavo-contact-form-7.default\">\n\t\t\t\t<div class=\"elementor-widget-container\">\n\t\t\t\t\t<div class=\"nt-cf7-form-wrapper form_3a7c1b2\">\n<div class=\"wpcf7 no-js\" id=\"wpcf7-f3485-o1\" lang=\"en-US\" dir=\"ltr\" data-wpcf7-id=\"3485\">\n<div class=\"screen-reader-response\"><p role=\"status\" aria-live=\"polite\" aria-atomic=\"true\"><\/p> <ul><\/ul><\/div>\n<form action=\"\/en\/wp-json\/wp\/v2\/pages\/3486#wpcf7-f3485-o1\" method=\"post\" class=\"wpcf7-form init\" aria-label=\"Contact form\" novalidate=\"novalidate\" data-status=\"init\" data-trp-original-action=\"\/en\/wp-json\/wp\/v2\/pages\/3486#wpcf7-f3485-o1\">\n<fieldset class=\"hidden-fields-container\"><input type=\"hidden\" name=\"_wpcf7\" value=\"3485\" \/><input type=\"hidden\" name=\"_wpcf7_version\" value=\"6.1.5\" \/><input type=\"hidden\" name=\"_wpcf7_locale\" value=\"en_US\" \/><input type=\"hidden\" name=\"_wpcf7_unit_tag\" value=\"wpcf7-f3485-o1\" \/><input type=\"hidden\" name=\"_wpcf7_container_post\" value=\"0\" \/><input type=\"hidden\" name=\"_wpcf7_posted_data_hash\" value=\"\" \/><input type=\"hidden\" name=\"_wpcf7_recaptcha_response\" value=\"\" \/>\n<\/fieldset>\n<div class=\"contact\">\n\t<div class=\"form\">\n\t\t<div class=\"controls\">\n\t\t\t<div class=\"row\">\n\t\t\t\t<div class=\"col-6\">\n\t\t\t\t\t<div class=\"form-group\">\n\t\t\t\t\t\t<p><span class=\"wpcf7-form-control-wrap\" data-name=\"text-906\"><input size=\"40\" maxlength=\"400\" class=\"wpcf7-form-control wpcf7-text wpcf7-validates-as-required\" aria-required=\"true\" aria-invalid=\"false\" placeholder=\"First Last name\" value=\"\" type=\"text\" name=\"text-906\" \/><\/span>\n\t\t\t\t\t\t<\/p>\n\t\t\t\t\t<\/div>\n\t\t\t\t<\/div>\n\t\t\t\t<div class=\"col-6\">\n\t\t\t\t\t<div class=\"form-group\">\n\t\t\t\t\t\t<p><span class=\"wpcf7-form-control-wrap\" data-name=\"text-9061\"><input size=\"40\" maxlength=\"400\" class=\"wpcf7-form-control wpcf7-text\" aria-invalid=\"false\" placeholder=\"Company\" value=\"\" type=\"text\" name=\"text-9061\" \/><\/span>\n\t\t\t\t\t\t<\/p>\n\t\t\t\t\t<\/div>\n\t\t\t\t<\/div>\n\t\t\t<\/div>\n\t\t\t<div class=\"row\">\n\t\t\t\t<div class=\"col-6\">\n\t\t\t\t\t<div class=\"form-group\">\n\t\t\t\t\t\t<p><span class=\"wpcf7-form-control-wrap\" data-name=\"email-51\"><input size=\"40\" maxlength=\"400\" class=\"wpcf7-form-control wpcf7-email wpcf7-validates-as-required wpcf7-text wpcf7-validates-as-email\" aria-required=\"true\" aria-invalid=\"false\" placeholder=\"Email\" value=\"\" type=\"email\" name=\"email-51\" \/><\/span>\n\t\t\t\t\t\t<\/p>\n\t\t\t\t\t<\/div>\n\t\t\t\t<\/div>\n\t\t\t\t<div class=\"col-6\">\n\t\t\t\t\t<div class=\"form-group\">\n\t\t\t\t\t\t<p><span class=\"wpcf7-form-control-wrap\" data-name=\"tel-796\"><input size=\"40\" maxlength=\"400\" class=\"wpcf7-form-control wpcf7-tel wpcf7-text wpcf7-validates-as-tel\" aria-invalid=\"false\" placeholder=\"Telephone\" value=\"\" type=\"tel\" name=\"tel-796\" \/><\/span>\n\t\t\t\t\t\t<\/p>\n\t\t\t\t\t<\/div>\n\t\t\t\t<\/div>\n\t\t\t<\/div>\n\t\t\t<div class=\"form-group\">\n\t\t\t\t<p><span class=\"wpcf7-form-control-wrap\" data-name=\"menu-801\"><select class=\"wpcf7-form-control wpcf7-select\" aria-invalid=\"false\" name=\"menu-801\"><option value=\"Sujet\">Object<\/option><option value=\"Wealth management\">Wealth management<\/option><option value=\"Multi-family office\">Multi-family office<\/option><option value=\"Immobilier\">Real Estate<\/option><option value=\"Athl\u00e8tes\">Athletes<\/option><\/select><\/span>\n\t\t\t\t<\/p>\n\t\t\t<\/div>\n\t\t\t<div class=\"form-group\">\n\t\t\t\t<p><span class=\"wpcf7-form-control-wrap\" data-name=\"textarea-583\"><textarea cols=\"40\" rows=\"10\" maxlength=\"2000\" class=\"wpcf7-form-control wpcf7-textarea wpcf7-validates-as-required\" aria-required=\"true\" aria-invalid=\"false\" placeholder=\"Message\" name=\"textarea-583\"><\/textarea><\/span>\n\t\t\t\t<\/p>\n\t\t\t<\/div>\n\t\t\t<p><button type=\"submit\" class=\"btn-curve btn-blc wpcf7-submit\"><span>Send<\/span><\/button>\n\t\t\t<\/p>\n\t\t<\/div>\n\t<\/div>\n<\/div><p style=\"display: none !important;\" class=\"akismet-fields-container\" data-prefix=\"_wpcf7_ak_\"><label>&#916;<textarea name=\"_wpcf7_ak_hp_textarea\" cols=\"45\" rows=\"8\" maxlength=\"100\"><\/textarea><\/label><input type=\"hidden\" id=\"ak_js_1\" name=\"_wpcf7_ak_js\" value=\"28\"\/><script>document.getElementById( \"ak_js_1\" ).setAttribute( \"value\", ( new Date() ).getTime() );<\/script><\/p><div class=\"wpcf7-response-output\" aria-hidden=\"true\"><\/div>\n<input type=\"hidden\" name=\"trp-form-language\" value=\"en\"\/><\/form>\n<\/div>\n<\/div>\t\t\t\t<\/div>\n\t\t\t\t<\/div>\n\t\t\t\t\t<\/div>\n\t\t<\/div>\n\t\t\t\t\t<\/div>\n\t\t<\/section>\n\t\t\t\t\t<\/div>\n\t\t<\/div>\n\t\t\t\t\t<\/div>\n\t\t<\/section>\n\t\t\t\t<section class=\"wavo-column-gap-default elementor-section elementor-top-section elementor-element elementor-element-61e60c2 elementor-section-boxed elementor-section-height-default elementor-section-height-default\" data-id=\"61e60c2\" data-element_type=\"section\" data-e-type=\"section\">\n\t\t\t\t\t\t<div class=\"elementor-container elementor-column-gap-default\">\n\t\t\t\t\t<div class=\"elementor-column elementor-col-100 elementor-top-column elementor-element elementor-element-961d7b1\" data-id=\"961d7b1\" data-element_type=\"column\" data-e-type=\"column\">\n\t\t\t<div class=\"elementor-widget-wrap elementor-element-populated\">\n\t\t\t\t\t\t<div class=\"elementor-element elementor-element-4218916 elementor-widget elementor-widget-spacer\" data-id=\"4218916\" data-element_type=\"widget\" data-e-type=\"widget\" data-widget_type=\"spacer.default\">\n\t\t\t\t<div class=\"elementor-widget-container\">\n\t\t\t\t\t\t\t<div class=\"elementor-spacer\">\n\t\t\t<div class=\"elementor-spacer-inner\"><\/div>\n\t\t<\/div>\n\t\t\t\t\t\t<\/div>\n\t\t\t\t<\/div>\n\t\t\t\t\t<\/div>\n\t\t<\/div>\n\t\t\t\t\t<\/div>\n\t\t<\/section>\n\t\t\t\t<section class=\"wavo-column-gap-no elementor-section elementor-top-section elementor-element elementor-element-5f6be302 elementor-section-stretched elementor-section-full_width elementor-section-height-default elementor-section-height-default\" data-id=\"5f6be302\" data-element_type=\"section\" data-e-type=\"section\" data-settings=\"{&quot;stretch_section&quot;:&quot;section-stretched&quot;}\">\n\t\t\t\t\t\t<div class=\"elementor-container elementor-column-gap-no\">\n\t\t\t\t\t<div class=\"elementor-column elementor-col-100 elementor-top-column elementor-element elementor-element-4e546d18\" data-id=\"4e546d18\" data-element_type=\"column\" data-e-type=\"column\">\n\t\t\t<div class=\"elementor-widget-wrap elementor-element-populated\">\n\t\t\t\t\t\t<div class=\"elementor-element elementor-element-75117a70 elementor-widget elementor-widget-google_maps\" data-id=\"75117a70\" data-element_type=\"widget\" data-e-type=\"widget\" data-widget_type=\"google_maps.default\">\n\t\t\t\t<div class=\"elementor-widget-container\">\n\t\t\t\t\t\t\t<div class=\"elementor-custom-embed\">\n\t\t\t<iframe loading=\"lazy\"\n\t\t\t\t\tsrc=\"https:\/\/maps.google.com\/maps?q=Place%20de%20l%E2%80%99Universit%C3%A9%206%20CH%20%E2%80%93%201205%20Gen%C3%A8ve&#038;t=m&#038;z=13&#038;output=embed&#038;iwloc=near\"\n\t\t\t\t\ttitle=\"Place de l\u2019Universit\u00e9 6 CH \u2013 1205 Gen\u00e8ve\"\n\t\t\t\t\taria-label=\"Place de l\u2019Universit\u00e9 6 CH \u2013 1205 Gen\u00e8ve\"\n\t\t\t><\/iframe>\n\t\t<\/div>\n\t\t\t\t\t\t<\/div>\n\t\t\t\t<\/div>\n\t\t\t\t\t<\/div>\n\t\t<\/div>\n\t\t\t\t\t<\/div>\n\t\t<\/section>\n\t\t\t\t<\/div>","protected":false},"excerpt":{"rendered":"<p>CONTACTEZ-NOUS +41 (0)22 512 10 24 Pour de plus amples informations, n\u2019h\u00e9sitez pas \u00e0 nous contacter. T\u00c9L\u00c9PHONE : +41 (0)22 512 10 24 \u00a0 ADRESSE : Place de l\u2019Universit\u00e9 6CH \u2013 1205 Gen\u00e8ve \u00a0 EMAIL : info@swisscapital-ib.com \u00a0 Linkedin-in SujetWealth managementMulti-family officeImmobilierAthl\u00e8tes Envoyer &#916;<\/p>","protected":false},"author":1,"featured_media":0,"parent":0,"menu_order":0,"comment_status":"closed","ping_status":"closed","template":"wavo-elementor-page.php","meta":{"_acf_changed":false,"footnotes":"","_links_to":"","_links_to_target":""},"class_list":{"0":"post-3486","1":"page","2":"type-page","3":"status-publish","4":"hentry","5":"nt-post-class","6":"","7":"thumb-none","9":"excerpt-none"},"acf":[],"yoast_head":"<!-- This site is optimized with the Yoast SEO plugin v27.4 - https:\/\/yoast.com\/product\/yoast-seo-wordpress\/ -->\n<title>CONTACTEZ-NOUS &#187; Swiss Capital IB Gen\u00e8ve<\/title>\n<meta name=\"robots\" content=\"index, follow, max-snippet:-1, max-image-preview:large, max-video-preview:-1\" \/>\n<link rel=\"canonical\" href=\"https:\/\/swisscapital-ib.com\/en\/contactez-nous\/\" \/>\n<meta property=\"og:locale\" content=\"en_US\" \/>\n<meta property=\"og:type\" content=\"article\" \/>\n<meta property=\"og:title\" content=\"CONTACTEZ-NOUS &#187; Swiss Capital IB Gen\u00e8ve\" \/>\n<meta property=\"og:description\" content=\"CONTACTEZ-NOUS +41 (0)22 512 10 24 Pour de plus amples informations, n\u2019h\u00e9sitez pas \u00e0 nous contacter. T\u00c9L\u00c9PHONE : +41 (0)22 512 10 24 \u00a0 ADRESSE : Place de l\u2019Universit\u00e9 6CH \u2013 1205 Gen\u00e8ve \u00a0 EMAIL : info@swisscapital-ib.com \u00a0 Linkedin-in SujetWealth managementMulti-family officeImmobilierAthl\u00e8tes Envoyer &#916;\" \/>\n<meta property=\"og:url\" content=\"https:\/\/swisscapital-ib.com\/en\/contactez-nous\/\" \/>\n<meta property=\"og:site_name\" content=\"Swiss Capital IB Gen\u00e8ve\" \/>\n<meta property=\"article:modified_time\" content=\"2024-06-07T16:35:52+00:00\" \/>\n<meta name=\"twitter:card\" content=\"summary_large_image\" \/>\n<meta name=\"twitter:label1\" content=\"Est. reading time\" \/>\n\t<meta name=\"twitter:data1\" content=\"1 minute\" \/>\n<script type=\"application\/ld+json\" class=\"yoast-schema-graph\">{\"@context\":\"https:\\\/\\\/schema.org\",\"@graph\":[{\"@type\":\"WebPage\",\"@id\":\"https:\\\/\\\/swisscapital-ib.com\\\/contactez-nous\\\/\",\"url\":\"https:\\\/\\\/swisscapital-ib.com\\\/contactez-nous\\\/\",\"name\":\"CONTACTEZ-NOUS &#187; Swiss Capital IB Gen\u00e8ve\",\"isPartOf\":{\"@id\":\"https:\\\/\\\/swisscapital-ib.com\\\/#website\"},\"datePublished\":\"2020-05-13T10:10:27+00:00\",\"dateModified\":\"2024-06-07T16:35:52+00:00\",\"breadcrumb\":{\"@id\":\"https:\\\/\\\/swisscapital-ib.com\\\/contactez-nous\\\/#breadcrumb\"},\"inLanguage\":\"en-CH\",\"potentialAction\":[{\"@type\":\"ReadAction\",\"target\":[\"https:\\\/\\\/swisscapital-ib.com\\\/contactez-nous\\\/\"]}]},{\"@type\":\"BreadcrumbList\",\"@id\":\"https:\\\/\\\/swisscapital-ib.com\\\/contactez-nous\\\/#breadcrumb\",\"itemListElement\":[{\"@type\":\"ListItem\",\"position\":1,\"name\":\"Accueil\",\"item\":\"https:\\\/\\\/swisscapital-ib.com\\\/\"},{\"@type\":\"ListItem\",\"position\":2,\"name\":\"CONTACTEZ-NOUS\"}]},{\"@type\":\"WebSite\",\"@id\":\"https:\\\/\\\/swisscapital-ib.com\\\/#website\",\"url\":\"https:\\\/\\\/swisscapital-ib.com\\\/\",\"name\":\"Swiss Capital IB Gen\u00e8ve\",\"description\":\"Nous \u0153uvrons \u00e0 faire prosp\u00e9rer votre patrimoine vers les sommets.\",\"publisher\":{\"@id\":\"https:\\\/\\\/swisscapital-ib.com\\\/#organization\"},\"potentialAction\":[{\"@type\":\"SearchAction\",\"target\":{\"@type\":\"EntryPoint\",\"urlTemplate\":\"https:\\\/\\\/swisscapital-ib.com\\\/?s={search_term_string}\"},\"query-input\":{\"@type\":\"PropertyValueSpecification\",\"valueRequired\":true,\"valueName\":\"search_term_string\"}}],\"inLanguage\":\"en-CH\"},{\"@type\":\"Organization\",\"@id\":\"https:\\\/\\\/swisscapital-ib.com\\\/#organization\",\"name\":\"Swiss Capital IB\",\"url\":\"https:\\\/\\\/swisscapital-ib.com\\\/\",\"logo\":{\"@type\":\"ImageObject\",\"inLanguage\":\"en-CH\",\"@id\":\"https:\\\/\\\/swisscapital-ib.com\\\/#\\\/schema\\\/logo\\\/image\\\/\",\"url\":\"https:\\\/\\\/swisscapital-ib.com\\\/wp-content\\\/uploads\\\/2022\\\/04\\\/v2.5_WEB_RVB_LOGO_SWISS-CAPITAL_02-e1650587646972.png\",\"contentUrl\":\"https:\\\/\\\/swisscapital-ib.com\\\/wp-content\\\/uploads\\\/2022\\\/04\\\/v2.5_WEB_RVB_LOGO_SWISS-CAPITAL_02-e1650587646972.png\",\"width\":275,\"height\":100,\"caption\":\"Swiss Capital IB\"},\"image\":{\"@id\":\"https:\\\/\\\/swisscapital-ib.com\\\/#\\\/schema\\\/logo\\\/image\\\/\"}}]}<\/script>\n<!-- \/ Yoast SEO plugin. -->","yoast_head_json":{"title":"CONTACTEZ-NOUS &#187; Swiss Capital IB Gen\u00e8ve","robots":{"index":"index","follow":"follow","max-snippet":"max-snippet:-1","max-image-preview":"max-image-preview:large","max-video-preview":"max-video-preview:-1"},"canonical":"https:\/\/swisscapital-ib.com\/en\/contactez-nous\/","og_locale":"en_US","og_type":"article","og_title":"CONTACTEZ-NOUS &#187; Swiss Capital IB Gen\u00e8ve","og_description":"CONTACTEZ-NOUS +41 (0)22 512 10 24 Pour de plus amples informations, n\u2019h\u00e9sitez pas \u00e0 nous contacter. T\u00c9L\u00c9PHONE : +41 (0)22 512 10 24 \u00a0 ADRESSE : Place de l\u2019Universit\u00e9 6CH \u2013 1205 Gen\u00e8ve \u00a0 EMAIL : info@swisscapital-ib.com \u00a0 Linkedin-in SujetWealth managementMulti-family officeImmobilierAthl\u00e8tes Envoyer &#916;","og_url":"https:\/\/swisscapital-ib.com\/en\/contactez-nous\/","og_site_name":"Swiss Capital IB Gen\u00e8ve","article_modified_time":"2024-06-07T16:35:52+00:00","twitter_card":"summary_large_image","twitter_misc":{"Est. reading time":"1 minute"},"schema":{"@context":"https:\/\/schema.org","@graph":[{"@type":"WebPage","@id":"https:\/\/swisscapital-ib.com\/contactez-nous\/","url":"https:\/\/swisscapital-ib.com\/contactez-nous\/","name":"CONTACTEZ-NOUS &#187; Swiss Capital IB Gen\u00e8ve","isPartOf":{"@id":"https:\/\/swisscapital-ib.com\/#website"},"datePublished":"2020-05-13T10:10:27+00:00","dateModified":"2024-06-07T16:35:52+00:00","breadcrumb":{"@id":"https:\/\/swisscapital-ib.com\/contactez-nous\/#breadcrumb"},"inLanguage":"en-CH","potentialAction":[{"@type":"ReadAction","target":["https:\/\/swisscapital-ib.com\/contactez-nous\/"]}]},{"@type":"BreadcrumbList","@id":"https:\/\/swisscapital-ib.com\/contactez-nous\/#breadcrumb","itemListElement":[{"@type":"ListItem","position":1,"name":"Accueil","item":"https:\/\/swisscapital-ib.com\/"},{"@type":"ListItem","position":2,"name":"CONTACTEZ-NOUS"}]},{"@type":"WebSite","@id":"https:\/\/swisscapital-ib.com\/#website","url":"https:\/\/swisscapital-ib.com\/","name":"Swiss Capital IB Geneva","description":"We work to help grow your wealth to new heights.","publisher":{"@id":"https:\/\/swisscapital-ib.com\/#organization"},"potentialAction":[{"@type":"SearchAction","target":{"@type":"EntryPoint","urlTemplate":"https:\/\/swisscapital-ib.com\/?s={search_term_string}"},"query-input":{"@type":"PropertyValueSpecification","valueRequired":true,"valueName":"search_term_string"}}],"inLanguage":"en-CH"},{"@type":"Organization","@id":"https:\/\/swisscapital-ib.com\/#organization","name":"Swiss Capital IB","url":"https:\/\/swisscapital-ib.com\/","logo":{"@type":"ImageObject","inLanguage":"en-CH","@id":"https:\/\/swisscapital-ib.com\/#\/schema\/logo\/image\/","url":"https:\/\/swisscapital-ib.com\/wp-content\/uploads\/2022\/04\/v2.5_WEB_RVB_LOGO_SWISS-CAPITAL_02-e1650587646972.png","contentUrl":"https:\/\/swisscapital-ib.com\/wp-content\/uploads\/2022\/04\/v2.5_WEB_RVB_LOGO_SWISS-CAPITAL_02-e1650587646972.png","width":275,"height":100,"caption":"Swiss Capital IB"},"image":{"@id":"https:\/\/swisscapital-ib.com\/#\/schema\/logo\/image\/"}}]}},"_links":{"self":[{"href":"https:\/\/swisscapital-ib.com\/en\/wp-json\/wp\/v2\/pages\/3486","targetHints":{"allow":["GET"]}}],"collection":[{"href":"https:\/\/swisscapital-ib.com\/en\/wp-json\/wp\/v2\/pages"}],"about":[{"href":"https:\/\/swisscapital-ib.com\/en\/wp-json\/wp\/v2\/types\/page"}],"author":[{"embeddable":true,"href":"https:\/\/swisscapital-ib.com\/en\/wp-json\/wp\/v2\/users\/1"}],"replies":[{"embeddable":true,"href":"https:\/\/swisscapital-ib.com\/en\/wp-json\/wp\/v2\/comments?post=3486"}],"version-history":[{"count":5,"href":"https:\/\/swisscapital-ib.com\/en\/wp-json\/wp\/v2\/pages\/3486\/revisions"}],"predecessor-version":[{"id":6327,"href":"https:\/\/swisscapital-ib.com\/en\/wp-json\/wp\/v2\/pages\/3486\/revisions\/6327"}],"wp:attachment":[{"href":"https:\/\/swisscapital-ib.com\/en\/wp-json\/wp\/v2\/media?parent=3486"}],"curies":[{"name":"wp","href":"https:\/\/api.w.org\/{rel}","templated":true}]}}